{"id":2726,"date":"2014-04-28T17:01:26","date_gmt":"2014-04-28T17:01:26","guid":{"rendered":"http:\/\/chevauxliffre.free.fr\/?page_id=2726"},"modified":"2015-12-16T11:31:49","modified_gmt":"2015-12-16T10:31:49","slug":"nos-meilleurs-souvenirs-de-lassociation","status":"publish","type":"page","link":"https:\/\/www.associationfiersacheval.fr\/index.php\/nos-meilleurs-souvenirs-de-lassociation\/","title":{"rendered":"Trucs et astuces"},"content":{"rendered":"<h4>Partager, pourrait-\u00eatre le slogan de notre association<\/h4>\n<p>L&rsquo;un des but de notre association est le partage de savoir et d&rsquo;exp\u00e9rience, nous vous proposons sur cette page, nos petits trucs et astuces qui nous aide au quotidien\u00a0!<\/p>\n<p>&nbsp;<\/p>\n<h5>Les filets pour les bacs \u00e0\u00a0foin<\/h5>\n<p>Nous avons fait le constat que si le foin \u00e9tait r\u00e9partie dans des bacs ouverts, les chevaux le gaspillait en le mettant par terre puis en marchant et urinant dessus. Comme nous souhaitons que nos chevaux ai du foin \u00e0 volont\u00e9 toute la journ\u00e9e, mais que nous ne pouvons assur\u00e9 qu&rsquo;un passage par jour, nous avons install\u00e9 des filets par dessus les bacs de foin. D&rsquo;un part pour que les chevaux ne gaspille pas trop de foin et d&rsquo;autre par pour qu&rsquo;il mange plus doucement, ce qu&rsquo;il leur permet d&rsquo;avoir du foin toute la journ\u00e9e et de s&rsquo;occuper en le mangeant.<\/p>\n<p>Nous utilisons pour cela des filets de but de foot ou de hand, ou encore des filets de volley, que nous r\u00e9cup\u00e9rons aupr\u00e8s de mairie, de coll\u00e8ge ou d&rsquo;association sportives qui les changent et veulent se d\u00e9barrasser des anciens.<br \/>\nPour les attach\u00e9s nous avons exp\u00e9riment\u00e9 plusieurs syst\u00e8mes, mais celui qui nous semble le plus pratique est de les \u00ab\u00a0tresser\u00a0\u00bb avec un \u00e9lastique de saut en hauteur pour pouvoir fixer les filets sur les bacs.<\/p>\n<div id='gallery-1' class='gallery galleryid-2726 gallery-columns-4 gallery-size-thumbnail'><figure class='gallery-item'>\n\t\t\t<div class='gallery-icon landscape'>\n\t\t\t\t<a href='https:\/\/www.associationfiersacheval.fr\/wp-content\/uploads\/2014\/04\/13.01.2013-22.jpg'><img loading=\"lazy\" decoding=\"async\" width=\"150\" height=\"150\" src=\"https:\/\/www.associationfiersacheval.fr\/wp-content\/uploads\/2014\/04\/13.01.2013-22-150x150.jpg\" class=\"attachment-thumbnail size-thumbnail\" alt=\"\" \/><\/a>\n\t\t\t<\/div><\/figure><figure class='gallery-item'>\n\t\t\t<div class='gallery-icon portrait'>\n\t\t\t\t<a href='https:\/\/www.associationfiersacheval.fr\/wp-content\/uploads\/2014\/04\/IMGP5832.jpg'><img loading=\"lazy\" decoding=\"async\" width=\"150\" height=\"150\" src=\"https:\/\/www.associationfiersacheval.fr\/wp-content\/uploads\/2014\/04\/IMGP5832-150x150.jpg\" class=\"attachment-thumbnail size-thumbnail\" alt=\"\" \/><\/a>\n\t\t\t<\/div><\/figure><figure class='gallery-item'>\n\t\t\t<div class='gallery-icon portrait'>\n\t\t\t\t<a href='https:\/\/www.associationfiersacheval.fr\/wp-content\/uploads\/2014\/04\/IMGP5833.jpg'><img loading=\"lazy\" decoding=\"async\" width=\"150\" height=\"150\" src=\"https:\/\/www.associationfiersacheval.fr\/wp-content\/uploads\/2014\/04\/IMGP5833-150x150.jpg\" class=\"attachment-thumbnail size-thumbnail\" alt=\"\" \/><\/a>\n\t\t\t<\/div><\/figure><figure class='gallery-item'>\n\t\t\t<div class='gallery-icon landscape'>\n\t\t\t\t<a href='https:\/\/www.associationfiersacheval.fr\/wp-content\/uploads\/2014\/04\/IMG_2615.jpg'><img loading=\"lazy\" decoding=\"async\" width=\"150\" height=\"150\" src=\"https:\/\/www.associationfiersacheval.fr\/wp-content\/uploads\/2014\/04\/IMG_2615-150x150.jpg\" class=\"attachment-thumbnail size-thumbnail\" alt=\"\" \/><\/a>\n\t\t\t<\/div><\/figure>\n\t\t<\/div>\n\n<p>&nbsp;<\/p>\n<h5>Les plaques en bois pour les aires de pansage<\/h5>\n<p>Des le premiers hiver de l&rsquo;association, nous avons voulu installer des aires de pansage \u00e0 cot\u00e9 de notre cabane pour pouvoir faire les soins des pieds notamment, au sec. H\u00e9las le budget \u00e9tant r\u00e9duit il fallait trouver une solution peu co\u00fbteuse.<br \/>\nNous sommes tomb\u00e9 par hasard, dans un magasin de bricolage\/agricole, sur de grandes plaques de bois de 120 par 40 cm et avec 5 cm d&rsquo;\u00e9paisseur, qui sont en faite des\u00a0\u00ab\u00a0moules \u00e0 parpaing\u00a0\u00bb ou plut\u00f4t des planches o\u00f9 l&rsquo;on d\u00e9moule les parpaings. Sur ce site ils expliquent la fabrication des parpaings : <a href=\"http:\/\/www.materiauxetbricolage.com\/visite-dune-installation-de-fabrication-de-parpaings\/\" target=\"_blank\">fabrication de parpaings<\/a>\u00a0et on voit les planches qui forment les \u00e9tag\u00e8res en photo 2, 3 et 4. \u00a0Nous les achetons 4\u20ac pi\u00e8ce et 6 plaques nous permette de r\u00e9aliser une aire de pansage pour un cheval.<br \/>\nOn peut en trouver dans certains magasin de bricolage qui vendent des parpaings, car souvent ils sont livr\u00e9 sur ces\u00a0plaques. Pour les fixer entre elle\u00a0nous avons utilis\u00e9 des pattes d&rsquo;assemblage et des visses.<\/p>\n<p>Cela fait 3 hivers que nos plaques sont install\u00e9es et pour l&rsquo;instant elles ne bougent pas, l&rsquo;\u00e9tat est tr\u00e8s correct.<\/p>\n<div id='gallery-2' class='gallery galleryid-2726 gallery-columns-4 gallery-size-thumbnail'><figure class='gallery-item'>\n\t\t\t<div class='gallery-icon landscape'>\n\t\t\t\t<a href='https:\/\/www.associationfiersacheval.fr\/wp-content\/uploads\/2014\/04\/IMG_1527.jpg'><img loading=\"lazy\" decoding=\"async\" width=\"150\" height=\"150\" src=\"https:\/\/www.associationfiersacheval.fr\/wp-content\/uploads\/2014\/04\/IMG_1527-150x150.jpg\" class=\"attachment-thumbnail size-thumbnail\" alt=\"\" \/><\/a>\n\t\t\t<\/div><\/figure><figure class='gallery-item'>\n\t\t\t<div class='gallery-icon landscape'>\n\t\t\t\t<a href='https:\/\/www.associationfiersacheval.fr\/wp-content\/uploads\/2014\/04\/IMG_1361.jpg'><img loading=\"lazy\" decoding=\"async\" width=\"150\" height=\"150\" src=\"https:\/\/www.associationfiersacheval.fr\/wp-content\/uploads\/2014\/04\/IMG_1361-150x150.jpg\" class=\"attachment-thumbnail size-thumbnail\" alt=\"\" \/><\/a>\n\t\t\t<\/div><\/figure><figure class='gallery-item'>\n\t\t\t<div class='gallery-icon landscape'>\n\t\t\t\t<a href='https:\/\/www.associationfiersacheval.fr\/wp-content\/uploads\/2014\/04\/IMG_1627.jpg'><img loading=\"lazy\" decoding=\"async\" width=\"150\" height=\"150\" src=\"https:\/\/www.associationfiersacheval.fr\/wp-content\/uploads\/2014\/04\/IMG_1627-150x150.jpg\" class=\"attachment-thumbnail size-thumbnail\" alt=\"\" \/><\/a>\n\t\t\t<\/div><\/figure><figure class='gallery-item'>\n\t\t\t<div class='gallery-icon landscape'>\n\t\t\t\t<a href='https:\/\/www.associationfiersacheval.fr\/wp-content\/uploads\/2014\/04\/IMG_6941.jpg'><img loading=\"lazy\" decoding=\"async\" width=\"150\" height=\"150\" src=\"https:\/\/www.associationfiersacheval.fr\/wp-content\/uploads\/2014\/04\/IMG_6941-150x150.jpg\" class=\"attachment-thumbnail size-thumbnail\" alt=\"\" \/><\/a>\n\t\t\t<\/div><\/figure>\n\t\t<\/div>\n\n<p>&nbsp;<\/p>\n<h5>Un autre usage du nose-band avec un mousqueton bien pratique<\/h5>\n<p>Lorsque j&rsquo;ai commenc\u00e9 \u00e0 monter ma jument, elle \u00e9tait parfois un peu fofolle. Ses allures \u00e9taient parfois cahotiques, et son comportement en balade, souvent impr\u00e9visibles, la faisait parfois se cabrer ou s&rsquo;\u00e9carter brusquement. Dans ces cas-l\u00e0, on a tendance \u00e0 s&rsquo;accrocher aux r\u00eanes, et donc \u00e0 tirer sur la bouche du cheval&#8230; Comme j&rsquo;ai une simple selle classique, j&rsquo;ai donc attach\u00e9 une lani\u00e8re de cuir, en l\u2019occurrence le nose-band de mon filet, dont je n&rsquo;avais pas l&rsquo;usage, aux deux anneaux de ma selle, sur le devant. J&rsquo;ai donc une poign\u00e9e solide et tr\u00e8s pratique en cas d&rsquo;\u00e9cart !<\/p>\n<p>Quand ma jument est \u00e0 l&rsquo;attache, je passais les r\u00eanes dans les \u00e9triers, pour ne pas qu&rsquo;elles tra\u00eenent \u00e0 terre. Mais la maligne arrivait souvent \u00e0 se d\u00e9tacher, puis \u00e0 aller brouter quelques m\u00e8tres plus loin. Et les r\u00eanes glissaient syst\u00e9matiquement, pour se retrouver entre ses ant\u00e9rieurs ! Apr\u00e8s avoir cass\u00e9 une paire de r\u00eanes; j&rsquo;ai eu l&rsquo;id\u00e9e d&rsquo;attacher un mousqueton (un simple mousqueton en plastique achet\u00e9 quelques centimes au rayon escalade) \u00e0 l&rsquo;anneau situ\u00e9 sur le devant de ma selle. Plus de souci de r\u00eanes qui glissent !<\/p>\n<p>En rando, lorsque ma jument suit tranquillement un autre cheval, attacher les r\u00eanes ainsi me permet tranquillement de sortir mon t\u00e9l\u00e9phone, lire une carte ou boire dans ma gourde !<\/p>\n<div id='gallery-3' class='gallery galleryid-2726 gallery-columns-2 gallery-size-thumbnail'><figure class='gallery-item'>\n\t\t\t<div class='gallery-icon portrait'>\n\t\t\t\t<a href='https:\/\/www.associationfiersacheval.fr\/wp-content\/uploads\/2014\/04\/FOT961E.jpg'><img loading=\"lazy\" decoding=\"async\" width=\"150\" height=\"150\" src=\"https:\/\/www.associationfiersacheval.fr\/wp-content\/uploads\/2014\/04\/FOT961E-150x150.jpg\" class=\"attachment-thumbnail size-thumbnail\" alt=\"\" \/><\/a>\n\t\t\t<\/div><\/figure><figure class='gallery-item'>\n\t\t\t<div class='gallery-icon landscape'>\n\t\t\t\t<a href='https:\/\/www.associationfiersacheval.fr\/wp-content\/uploads\/2014\/04\/FOT5413.jpg'><img loading=\"lazy\" decoding=\"async\" width=\"150\" height=\"150\" src=\"https:\/\/www.associationfiersacheval.fr\/wp-content\/uploads\/2014\/04\/FOT5413-150x150.jpg\" class=\"attachment-thumbnail size-thumbnail\" alt=\"\" \/><\/a>\n\t\t\t<\/div><\/figure>\n\t\t<\/div>\n\n<p>&nbsp;<\/p>\n<h5>Des caillebotis pour avoir les pieds au sec<\/h5>\n<p>Apr\u00e8s deux\u00a0hiver les pieds dans la boue, l&rsquo;association \u00e0 mis en oeuvre des solutions pour am\u00e9liorer le confort des chevaux l&rsquo;hiver. C&rsquo;est ainsi qu&rsquo;avant l&rsquo;hiver 2014-2015, nous avons install\u00e9 des dalles en bois dans le pr\u00e9 d&rsquo;hiver. C&rsquo;est donc\u00a048m\u00b2 de plaques bois qui ont trouv\u00e9 leur place devant les bacs \u00e0 foin, sur le mod\u00e8le des dalles de pansage. H\u00e9las la mise en oeuvre n&rsquo;\u00e9tait pas satisfaisante, les chevaux glissait, la dalle \u00e9tait trop petite pour 8 chevaux, etc&#8230;<br \/>\nPour cet hiver 2015-2016, nous avons donc opt\u00e9 pour une solution plus durable et plus s\u00e9curitaire.<br \/>\nAinsi 100m\u00b2 ont \u00e9t\u00e9 terrassier pour arriver sur le sol caillouteux qui compose nos champs et pour optenir une zone bien plane afin d&rsquo;accueillir les caillebotis.<br \/>\nDu sable a \u00e9galement \u00e9t\u00e9 \u00e9tal\u00e9 sur cette zone afin de permettre une meilleur stabilit\u00e9 de la zone et afin de drainer l&rsquo;eau et les urines.<br \/>\nNous avons achet\u00e9 d&rsquo;occasion sur le bon coin 80 caillebotis de 0,5m par 2,25m, il pesait chacun 140kg. Autant vous dire qu&rsquo;il a fallu trouver un camion ad\u00e9quat pour faire le transport. Ces caillebotis nous ont co\u00fbt\u00e9 7,5\u20ac pi\u00e8ce, sachant qu&rsquo;elles valent environ 15\u20ac neuves.<br \/>\nLe bras du camion les a d\u00e9charger par pile de 7 et par groupe de 4 \u00e0 l&rsquo;aide de sangle nous les avons d\u00e9placer pour les installer les une \u00e0 cot\u00e9 des autres. C&rsquo;est un travail tr\u00e8s physique, il vaut mieux pr\u00e9voir d&rsquo;\u00eatre nombreux.<br \/>\nLe r\u00e9sultat est tr\u00e8s satisfaisant pour le moment. Nous verrons apr\u00e8s avoir passer un hiver dessus.<\/p>\n<div id='gallery-4' class='gallery galleryid-2726 gallery-columns-5 gallery-size-thumbnail'><figure class='gallery-item'>\n\t\t\t<div class='gallery-icon landscape'>\n\t\t\t\t<a href='https:\/\/www.associationfiersacheval.fr\/wp-content\/uploads\/2014\/04\/IMG_2380.jpg'><img loading=\"lazy\" decoding=\"async\" width=\"150\" height=\"150\" src=\"https:\/\/www.associationfiersacheval.fr\/wp-content\/uploads\/2014\/04\/IMG_2380-150x150.jpg\" class=\"attachment-thumbnail size-thumbnail\" alt=\"\" \/><\/a>\n\t\t\t<\/div><\/figure><figure class='gallery-item'>\n\t\t\t<div class='gallery-icon landscape'>\n\t\t\t\t<a href='https:\/\/www.associationfiersacheval.fr\/wp-content\/uploads\/2014\/04\/IMG_2392.jpg'><img loading=\"lazy\" decoding=\"async\" width=\"150\" height=\"150\" src=\"https:\/\/www.associationfiersacheval.fr\/wp-content\/uploads\/2014\/04\/IMG_2392-150x150.jpg\" class=\"attachment-thumbnail size-thumbnail\" alt=\"\" \/><\/a>\n\t\t\t<\/div><\/figure><figure class='gallery-item'>\n\t\t\t<div class='gallery-icon landscape'>\n\t\t\t\t<a href='https:\/\/www.associationfiersacheval.fr\/wp-content\/uploads\/2014\/04\/IMG_2394.jpg'><img loading=\"lazy\" decoding=\"async\" width=\"150\" height=\"150\" src=\"https:\/\/www.associationfiersacheval.fr\/wp-content\/uploads\/2014\/04\/IMG_2394-150x150.jpg\" class=\"attachment-thumbnail size-thumbnail\" alt=\"\" \/><\/a>\n\t\t\t<\/div><\/figure><figure class='gallery-item'>\n\t\t\t<div class='gallery-icon landscape'>\n\t\t\t\t<a href='https:\/\/www.associationfiersacheval.fr\/wp-content\/uploads\/2014\/04\/IMG_2381.jpg'><img loading=\"lazy\" decoding=\"async\" width=\"150\" height=\"150\" src=\"https:\/\/www.associationfiersacheval.fr\/wp-content\/uploads\/2014\/04\/IMG_2381-150x150.jpg\" class=\"attachment-thumbnail size-thumbnail\" alt=\"\" \/><\/a>\n\t\t\t<\/div><\/figure><figure class='gallery-item'>\n\t\t\t<div class='gallery-icon landscape'>\n\t\t\t\t<a href='https:\/\/www.associationfiersacheval.fr\/wp-content\/uploads\/2014\/04\/IMG_2420.jpg'><img loading=\"lazy\" decoding=\"async\" width=\"150\" height=\"150\" src=\"https:\/\/www.associationfiersacheval.fr\/wp-content\/uploads\/2014\/04\/IMG_2420-150x150.jpg\" class=\"attachment-thumbnail size-thumbnail\" alt=\"\" \/><\/a>\n\t\t\t<\/div><\/figure><figure class='gallery-item'>\n\t\t\t<div class='gallery-icon landscape'>\n\t\t\t\t<a href='https:\/\/www.associationfiersacheval.fr\/wp-content\/uploads\/2014\/04\/IMG_2423.jpg'><img loading=\"lazy\" decoding=\"async\" width=\"150\" height=\"150\" src=\"https:\/\/www.associationfiersacheval.fr\/wp-content\/uploads\/2014\/04\/IMG_2423-150x150.jpg\" class=\"attachment-thumbnail size-thumbnail\" alt=\"\" \/><\/a>\n\t\t\t<\/div><\/figure><figure class='gallery-item'>\n\t\t\t<div class='gallery-icon landscape'>\n\t\t\t\t<a href='https:\/\/www.associationfiersacheval.fr\/wp-content\/uploads\/2014\/04\/IMG_2422.jpg'><img loading=\"lazy\" decoding=\"async\" width=\"150\" height=\"150\" src=\"https:\/\/www.associationfiersacheval.fr\/wp-content\/uploads\/2014\/04\/IMG_2422-150x150.jpg\" class=\"attachment-thumbnail size-thumbnail\" alt=\"\" \/><\/a>\n\t\t\t<\/div><\/figure><figure class='gallery-item'>\n\t\t\t<div class='gallery-icon landscape'>\n\t\t\t\t<a href='https:\/\/www.associationfiersacheval.fr\/wp-content\/uploads\/2014\/04\/IMG_2418.jpg'><img loading=\"lazy\" decoding=\"async\" width=\"150\" height=\"150\" src=\"https:\/\/www.associationfiersacheval.fr\/wp-content\/uploads\/2014\/04\/IMG_2418-150x150.jpg\" class=\"attachment-thumbnail size-thumbnail\" alt=\"\" \/><\/a>\n\t\t\t<\/div><\/figure><figure class='gallery-item'>\n\t\t\t<div class='gallery-icon landscape'>\n\t\t\t\t<a href='https:\/\/www.associationfiersacheval.fr\/wp-content\/uploads\/2014\/04\/IMG_2438.jpg'><img loading=\"lazy\" decoding=\"async\" width=\"150\" height=\"150\" src=\"https:\/\/www.associationfiersacheval.fr\/wp-content\/uploads\/2014\/04\/IMG_2438-150x150.jpg\" class=\"attachment-thumbnail size-thumbnail\" alt=\"\" \/><\/a>\n\t\t\t<\/div><\/figure><figure class='gallery-item'>\n\t\t\t<div class='gallery-icon landscape'>\n\t\t\t\t<a href='https:\/\/www.associationfiersacheval.fr\/wp-content\/uploads\/2014\/04\/IMG_2442.jpg'><img loading=\"lazy\" decoding=\"async\" width=\"150\" height=\"150\" src=\"https:\/\/www.associationfiersacheval.fr\/wp-content\/uploads\/2014\/04\/IMG_2442-150x150.jpg\" class=\"attachment-thumbnail size-thumbnail\" alt=\"\" \/><\/a>\n\t\t\t<\/div><\/figure><figure class='gallery-item'>\n\t\t\t<div class='gallery-icon landscape'>\n\t\t\t\t<a href='https:\/\/www.associationfiersacheval.fr\/wp-content\/uploads\/2014\/04\/IMG_2441.jpg'><img loading=\"lazy\" decoding=\"async\" width=\"150\" height=\"150\" src=\"https:\/\/www.associationfiersacheval.fr\/wp-content\/uploads\/2014\/04\/IMG_2441-150x150.jpg\" class=\"attachment-thumbnail size-thumbnail\" alt=\"\" \/><\/a>\n\t\t\t<\/div><\/figure><figure class='gallery-item'>\n\t\t\t<div class='gallery-icon landscape'>\n\t\t\t\t<a href='https:\/\/www.associationfiersacheval.fr\/wp-content\/uploads\/2014\/04\/IMG_2445.jpg'><img loading=\"lazy\" decoding=\"async\" width=\"150\" height=\"150\" src=\"https:\/\/www.associationfiersacheval.fr\/wp-content\/uploads\/2014\/04\/IMG_2445-150x150.jpg\" class=\"attachment-thumbnail size-thumbnail\" alt=\"\" \/><\/a>\n\t\t\t<\/div><\/figure><figure class='gallery-item'>\n\t\t\t<div class='gallery-icon landscape'>\n\t\t\t\t<a href='https:\/\/www.associationfiersacheval.fr\/wp-content\/uploads\/2014\/04\/IMG_2450.jpg'><img loading=\"lazy\" decoding=\"async\" width=\"150\" height=\"150\" src=\"https:\/\/www.associationfiersacheval.fr\/wp-content\/uploads\/2014\/04\/IMG_2450-150x150.jpg\" class=\"attachment-thumbnail size-thumbnail\" alt=\"\" \/><\/a>\n\t\t\t<\/div><\/figure><figure class='gallery-item'>\n\t\t\t<div class='gallery-icon landscape'>\n\t\t\t\t<a href='https:\/\/www.associationfiersacheval.fr\/wp-content\/uploads\/2014\/04\/IMG_2448.jpg'><img loading=\"lazy\" decoding=\"async\" width=\"150\" height=\"150\" src=\"https:\/\/www.associationfiersacheval.fr\/wp-content\/uploads\/2014\/04\/IMG_2448-150x150.jpg\" class=\"attachment-thumbnail size-thumbnail\" alt=\"\" \/><\/a>\n\t\t\t<\/div><\/figure><figure class='gallery-item'>\n\t\t\t<div class='gallery-icon landscape'>\n\t\t\t\t<a href='https:\/\/www.associationfiersacheval.fr\/wp-content\/uploads\/2014\/04\/IMG_2458.jpg'><img loading=\"lazy\" decoding=\"async\" width=\"150\" height=\"150\" src=\"https:\/\/www.associationfiersacheval.fr\/wp-content\/uploads\/2014\/04\/IMG_2458-150x150.jpg\" class=\"attachment-thumbnail size-thumbnail\" alt=\"\" \/><\/a>\n\t\t\t<\/div><\/figure><figure class='gallery-item'>\n\t\t\t<div class='gallery-icon landscape'>\n\t\t\t\t<a href='https:\/\/www.associationfiersacheval.fr\/wp-content\/uploads\/2014\/04\/IMG_2459.jpg'><img loading=\"lazy\" decoding=\"async\" width=\"150\" height=\"150\" src=\"https:\/\/www.associationfiersacheval.fr\/wp-content\/uploads\/2014\/04\/IMG_2459-150x150.jpg\" class=\"attachment-thumbnail size-thumbnail\" alt=\"\" \/><\/a>\n\t\t\t<\/div><\/figure><figure class='gallery-item'>\n\t\t\t<div class='gallery-icon landscape'>\n\t\t\t\t<a href='https:\/\/www.associationfiersacheval.fr\/wp-content\/uploads\/2014\/04\/IMG_2467.jpg'><img loading=\"lazy\" decoding=\"async\" width=\"150\" height=\"150\" src=\"https:\/\/www.associationfiersacheval.fr\/wp-content\/uploads\/2014\/04\/IMG_2467-150x150.jpg\" class=\"attachment-thumbnail size-thumbnail\" alt=\"\" \/><\/a>\n\t\t\t<\/div><\/figure><figure class='gallery-item'>\n\t\t\t<div class='gallery-icon landscape'>\n\t\t\t\t<a href='https:\/\/www.associationfiersacheval.fr\/wp-content\/uploads\/2014\/04\/IMG_2476.jpg'><img loading=\"lazy\" decoding=\"async\" width=\"150\" height=\"150\" src=\"https:\/\/www.associationfiersacheval.fr\/wp-content\/uploads\/2014\/04\/IMG_2476-150x150.jpg\" class=\"attachment-thumbnail size-thumbnail\" alt=\"\" \/><\/a>\n\t\t\t<\/div><\/figure><figure class='gallery-item'>\n\t\t\t<div class='gallery-icon landscape'>\n\t\t\t\t<a href='https:\/\/www.associationfiersacheval.fr\/wp-content\/uploads\/2014\/04\/IMG_2480.jpg'><img loading=\"lazy\" decoding=\"async\" width=\"150\" height=\"150\" src=\"https:\/\/www.associationfiersacheval.fr\/wp-content\/uploads\/2014\/04\/IMG_2480-150x150.jpg\" class=\"attachment-thumbnail size-thumbnail\" alt=\"\" \/><\/a>\n\t\t\t<\/div><\/figure><figure class='gallery-item'>\n\t\t\t<div class='gallery-icon landscape'>\n\t\t\t\t<a href='https:\/\/www.associationfiersacheval.fr\/wp-content\/uploads\/2014\/04\/IMG_2616.jpg'><img loading=\"lazy\" decoding=\"async\" width=\"150\" height=\"150\" src=\"https:\/\/www.associationfiersacheval.fr\/wp-content\/uploads\/2014\/04\/IMG_2616-150x150.jpg\" class=\"attachment-thumbnail size-thumbnail\" alt=\"\" \/><\/a>\n\t\t\t<\/div><\/figure><figure class='gallery-item'>\n\t\t\t<div class='gallery-icon landscape'>\n\t\t\t\t<a href='https:\/\/www.associationfiersacheval.fr\/wp-content\/uploads\/2014\/04\/IMG_26201.jpg'><img loading=\"lazy\" decoding=\"async\" width=\"150\" height=\"150\" src=\"https:\/\/www.associationfiersacheval.fr\/wp-content\/uploads\/2014\/04\/IMG_26201-150x150.jpg\" class=\"attachment-thumbnail size-thumbnail\" alt=\"\" \/><\/a>\n\t\t\t<\/div><\/figure><figure class='gallery-item'>\n\t\t\t<div class='gallery-icon landscape'>\n\t\t\t\t<a href='https:\/\/www.associationfiersacheval.fr\/wp-content\/uploads\/2014\/04\/IMG_26251.jpg'><img loading=\"lazy\" decoding=\"async\" width=\"150\" height=\"150\" src=\"https:\/\/www.associationfiersacheval.fr\/wp-content\/uploads\/2014\/04\/IMG_26251-150x150.jpg\" class=\"attachment-thumbnail size-thumbnail\" alt=\"\" \/><\/a>\n\t\t\t<\/div><\/figure><figure class='gallery-item'>\n\t\t\t<div class='gallery-icon landscape'>\n\t\t\t\t<a href='https:\/\/www.associationfiersacheval.fr\/wp-content\/uploads\/2014\/04\/IMG_26261.jpg'><img loading=\"lazy\" decoding=\"async\" width=\"150\" height=\"150\" src=\"https:\/\/www.associationfiersacheval.fr\/wp-content\/uploads\/2014\/04\/IMG_26261-150x150.jpg\" class=\"attachment-thumbnail size-thumbnail\" alt=\"\" \/><\/a>\n\t\t\t<\/div><\/figure><figure class='gallery-item'>\n\t\t\t<div class='gallery-icon landscape'>\n\t\t\t\t<a href='https:\/\/www.associationfiersacheval.fr\/wp-content\/uploads\/2014\/04\/IMG_2641.jpg'><img loading=\"lazy\" decoding=\"async\" width=\"150\" height=\"150\" src=\"https:\/\/www.associationfiersacheval.fr\/wp-content\/uploads\/2014\/04\/IMG_2641-150x150.jpg\" class=\"attachment-thumbnail size-thumbnail\" alt=\"\" \/><\/a>\n\t\t\t<\/div><\/figure>\n\t\t<\/div>\n\n","protected":false},"excerpt":{"rendered":"<p>Partager, pourrait-\u00eatre le slogan de notre association L&rsquo;un des but de notre association est le partage de savoir et d&rsquo;exp\u00e9rience, nous vous [&hellip;]<\/p>\n","protected":false},"author":71,"featured_media":0,"parent":0,"menu_order":5,"comment_status":"closed","ping_status":"closed","template":"","meta":{"footnotes":""},"class_list":["post-2726","page","type-page","status-publish","hentry"],"_links":{"self":[{"href":"https:\/\/www.associationfiersacheval.fr\/index.php\/wp-json\/wp\/v2\/pages\/2726","targetHints":{"allow":["GET"]}}],"collection":[{"href":"https:\/\/www.associationfiersacheval.fr\/index.php\/wp-json\/wp\/v2\/pages"}],"about":[{"href":"https:\/\/www.associationfiersacheval.fr\/index.php\/wp-json\/wp\/v2\/types\/page"}],"author":[{"embeddable":true,"href":"https:\/\/www.associationfiersacheval.fr\/index.php\/wp-json\/wp\/v2\/users\/71"}],"replies":[{"embeddable":true,"href":"https:\/\/www.associationfiersacheval.fr\/index.php\/wp-json\/wp\/v2\/comments?post=2726"}],"version-history":[{"count":10,"href":"https:\/\/www.associationfiersacheval.fr\/index.php\/wp-json\/wp\/v2\/pages\/2726\/revisions"}],"predecessor-version":[{"id":5636,"href":"https:\/\/www.associationfiersacheval.fr\/index.php\/wp-json\/wp\/v2\/pages\/2726\/revisions\/5636"}],"wp:attachment":[{"href":"https:\/\/www.associationfiersacheval.fr\/index.php\/wp-json\/wp\/v2\/media?parent=2726"}],"curies":[{"name":"wp","href":"https:\/\/api.w.org\/{rel}","templated":true}]}}