{"id":2252,"date":"2013-11-26T09:34:48","date_gmt":"2013-11-26T09:34:48","guid":{"rendered":"http:\/\/chevauxliffre.free.fr\/?page_id=2252"},"modified":"2024-05-21T12:28:57","modified_gmt":"2024-05-21T10:28:57","slug":"documents-utiles-2","status":"publish","type":"page","link":"https:\/\/www.associationfiersacheval.fr\/index.php\/documents-utiles-2\/","title":{"rendered":"Documents utiles"},"content":{"rendered":"\n<h4 class=\"wp-block-heading\">Les documents administratifs de&nbsp;l\u2019association :<\/h4>\n\n\n\n<p>&#8211;&nbsp;<a href=\"https:\/\/www.associationfiersacheval.fr\/wp-content\/uploads\/2024\/05\/Reglement-de-FAC-V5.pdf\" target=\"_blank\" rel=\"noreferrer noopener\">R\u00e8glement de l&rsquo;association<\/a><\/p>\n\n\n\n<p>&#8211;<a href=\"https:\/\/www.associationfiersacheval.fr\/wp-content\/uploads\/2024\/05\/Contrat-adhesion-a-Association-Fiers-a-Cheval_2024-2.pdf\" target=\"_blank\" rel=\"noreferrer noopener\">\u00a0Contrat d&rsquo;adh\u00e9sion pour les propri\u00e9taires de chevaux (membres associ\u00e9)<\/a><\/p>\n\n\n\n<p>&#8211;&nbsp;<a href=\"https:\/\/www.associationfiersacheval.fr\/wp-content\/uploads\/2024\/05\/Contrat-adhesion-Association-Fiers-a-Cheval_DP_2024.pdf\" target=\"_blank\" rel=\"noreferrer noopener\">Contrat d&rsquo;adh\u00e9sion pour les demi-pensionnaires (membre adh\u00e9rent)<\/a><\/p>\n\n\n\n<p>&#8211;&nbsp;<a href=\"https:\/\/www.associationfiersacheval.fr\/wp-content\/uploads\/2024\/05\/Contrat-adhesionl-Association-Fiers-a-Cheval_bienfaiteur-2024.pdf\" target=\"_blank\" rel=\"noreferrer noopener\">Contrat pour les b\u00e9n\u00e9voles qui soutiennent l\u2019association (membre bienfaiteur)<\/a><\/p>\n\n\n\n<p>&#8211;&nbsp;<a href=\"https:\/\/www.associationfiersacheval.fr\/wp-content\/uploads\/2024\/05\/Charte2024.pdf\" target=\"_blank\" rel=\"noreferrer noopener\">La charte de l&rsquo;association<\/a><\/p>\n\n\n\n<p>&#8211;&nbsp;<a href=\"https:\/\/www.associationfiersacheval.fr\/wp-content\/uploads\/2024\/05\/Statuts-association_fiers-a-cheval_janvier2024-1.pdf\" target=\"_blank\" rel=\"noreferrer noopener\">Les statuts de l\u2019association<\/a><\/p>\n","protected":false},"excerpt":{"rendered":"<p>Les documents administratifs de&nbsp;l\u2019association : &#8211;&nbsp;R\u00e8glement de l&rsquo;association &#8211;\u00a0Contrat d&rsquo;adh\u00e9sion pour les propri\u00e9taires de chevaux (membres associ\u00e9) &#8211;&nbsp;Contrat d&rsquo;adh\u00e9sion pour les demi-pensionnaires [&hellip;]<\/p>\n","protected":false},"author":71,"featured_media":0,"parent":0,"menu_order":5,"comment_status":"closed","ping_status":"closed","template":"","meta":{"footnotes":""},"class_list":["post-2252","page","type-page","status-publish","hentry"],"_links":{"self":[{"href":"https:\/\/www.associationfiersacheval.fr\/index.php\/wp-json\/wp\/v2\/pages\/2252","targetHints":{"allow":["GET"]}}],"collection":[{"href":"https:\/\/www.associationfiersacheval.fr\/index.php\/wp-json\/wp\/v2\/pages"}],"about":[{"href":"https:\/\/www.associationfiersacheval.fr\/index.php\/wp-json\/wp\/v2\/types\/page"}],"author":[{"embeddable":true,"href":"https:\/\/www.associationfiersacheval.fr\/index.php\/wp-json\/wp\/v2\/users\/71"}],"replies":[{"embeddable":true,"href":"https:\/\/www.associationfiersacheval.fr\/index.php\/wp-json\/wp\/v2\/comments?post=2252"}],"version-history":[{"count":15,"href":"https:\/\/www.associationfiersacheval.fr\/index.php\/wp-json\/wp\/v2\/pages\/2252\/revisions"}],"predecessor-version":[{"id":9432,"href":"https:\/\/www.associationfiersacheval.fr\/index.php\/wp-json\/wp\/v2\/pages\/2252\/revisions\/9432"}],"wp:attachment":[{"href":"https:\/\/www.associationfiersacheval.fr\/index.php\/wp-json\/wp\/v2\/media?parent=2252"}],"curies":[{"name":"wp","href":"https:\/\/api.w.org\/{rel}","templated":true}]}}