{"id":1218,"date":"2013-01-28T20:52:44","date_gmt":"2013-01-28T20:52:44","guid":{"rendered":"http:\/\/chevauxliffre.free.fr\/?page_id=1218"},"modified":"2017-03-08T11:28:33","modified_gmt":"2017-03-08T10:28:33","slug":"accueil-2","status":"publish","type":"page","link":"https:\/\/www.associationfiersacheval.fr\/","title":{"rendered":"Accueil"},"content":{"rendered":"<h3 style=\"text-align: center;\"><strong>Bienvenue sur le site de l&rsquo;association Fiers \u00e0 Cheval !<\/strong><\/h3>\n<p>&nbsp;<\/p>\n<p><strong>Qui sommes nous ?<\/strong><\/p>\n<p style=\"text-align: justify;\">Fond\u00e9e en septembre 2012, l&rsquo;association Fiers \u00e0 cheval a pour but de permettre aux propri\u00e9taires d\u2019\u00e9quid\u00e9s de s\u2019entraider et de b\u00e9n\u00e9ficier d\u2019une structure conviviale pour accueillir leur cheval.<br \/>\nLes chevaux vivent au pr\u00e9 toute l\u2019ann\u00e9e, en troupeau. Ils ont du foin \u00e0 volont\u00e9 l\u2019hiver et d\u00e8s le printemps, profitent de 6 hectares de prairie.<\/p>\n<p style=\"text-align: justify;\">Notre association est situ\u00e9e sur la commune de Liffr\u00e9, mais se trouve g\u00e9ographiquement plus proche de la Bouexi\u00e8re, \u00e0 25 km au nord de Rennes.<\/p>\n<p style=\"text-align: justify;\" align=\"JUSTIFY\">Si les tarifs sont peu \u00e9lev\u00e9s, l\u2019investissement personnel de chaque propri\u00e9taire est important\u00a0! Il a permis d\u2019am\u00e9liorer consid\u00e9rablement le confort des cavaliers et de leur monture. L\u2019argent r\u00e9colt\u00e9 est r\u00e9investi pour le bien-\u00eatre des chevaux ainsi que\u00a0dans\u00a0les installations.<br \/>\nGr\u00e2ce aux efforts de chacun, l\u2019Association Fiers \u00e0 Cheval se veut un lieu convivial, simple et accueillant pour les humains comme pour les animaux\u00a0!<\/p>\n<p style=\"text-align: justify;\" align=\"JUSTIFY\">Sur place, nous disposons d&rsquo;une carri\u00e8re de 22\/40, de deux selleries et d&rsquo;une partie rangement d&rsquo;outils divers, nous avons l&rsquo;eau courante et de nombreux chemins de balades sont accessibles \u00e0 seulement 500 m\u00e8tres du portail des pr\u00e9s !<\/p>\n<p style=\"text-align: justify;\" align=\"JUSTIFY\">Le fonctionnement de notre association et nos installations ne nous permettent pas d&rsquo;accueillir certains profil de chevaux. Ainsi nous refuserons les chevaux entiers, les juments gestantes, les poneys en dessous d&rsquo;1m40, les chevaux en retraite et les propri\u00e9taires qui\u00a0s&rsquo;occupe seul de 2 chevaux.<\/p>\n<p style=\"text-align: justify;\" align=\"JUSTIFY\">\n","protected":false},"excerpt":{"rendered":"<p>Bienvenue sur le site de l&rsquo;association Fiers \u00e0 Cheval ! &nbsp; Qui sommes nous ? Fond\u00e9e en septembre 2012, l&rsquo;association Fiers \u00e0 [&hellip;]<\/p>\n","protected":false},"author":71,"featured_media":0,"parent":0,"menu_order":0,"comment_status":"closed","ping_status":"closed","template":"","meta":{"footnotes":""},"class_list":["post-1218","page","type-page","status-publish","hentry"],"_links":{"self":[{"href":"https:\/\/www.associationfiersacheval.fr\/index.php\/wp-json\/wp\/v2\/pages\/1218","targetHints":{"allow":["GET"]}}],"collection":[{"href":"https:\/\/www.associationfiersacheval.fr\/index.php\/wp-json\/wp\/v2\/pages"}],"about":[{"href":"https:\/\/www.associationfiersacheval.fr\/index.php\/wp-json\/wp\/v2\/types\/page"}],"author":[{"embeddable":true,"href":"https:\/\/www.associationfiersacheval.fr\/index.php\/wp-json\/wp\/v2\/users\/71"}],"replies":[{"embeddable":true,"href":"https:\/\/www.associationfiersacheval.fr\/index.php\/wp-json\/wp\/v2\/comments?post=1218"}],"version-history":[{"count":6,"href":"https:\/\/www.associationfiersacheval.fr\/index.php\/wp-json\/wp\/v2\/pages\/1218\/revisions"}],"predecessor-version":[{"id":6538,"href":"https:\/\/www.associationfiersacheval.fr\/index.php\/wp-json\/wp\/v2\/pages\/1218\/revisions\/6538"}],"wp:attachment":[{"href":"https:\/\/www.associationfiersacheval.fr\/index.php\/wp-json\/wp\/v2\/media?parent=1218"}],"curies":[{"name":"wp","href":"https:\/\/api.w.org\/{rel}","templated":true}]}}